{"id":40,"date":"2017-04-16T17:23:35","date_gmt":"2017-04-16T17:23:35","guid":{"rendered":"https:\/\/ingiru.com\/?page_id=40"},"modified":"2021-04-30T12:51:15","modified_gmt":"2021-04-30T11:51:15","slug":"proyectos","status":"publish","type":"page","link":"https:\/\/ingiru.com\/eu\/proyectos\/","title":{"rendered":"Sustapenak"},"content":{"rendered":"<p>[et_pb_section fb_built=\u00bb1&#8243; admin_label=\u00bbsection\u00bb _builder_version=\u00bb3.22&#8243;][et_pb_row admin_label=\u00bbrow\u00bb _builder_version=\u00bb3.25&#8243; background_size=\u00bbinitial\u00bb background_position=\u00bbtop_left\u00bb background_repeat=\u00bbrepeat\u00bb][et_pb_column type=\u00bb4_4&#8243; _builder_version=\u00bb3.25&#8243; custom_padding=\u00bb|||\u00bb custom_padding__hover=\u00bb|||\u00bb][et_pb_code _builder_version=\u00bb4.4.1&#8243;]<\/p>\n<style type=\"text\/css\"><!-- [et_pb_line_break_holder] --><!-- [et_pb_line_break_holder] -->.et_pb_slide_title a {<!-- [et_pb_line_break_holder] --> color: #ffffff;<!-- [et_pb_line_break_holder] -->}<!-- [et_pb_line_break_holder] -->\/*--------------------------------------------------------------------*\/<!-- [et_pb_line_break_holder] -->\/*-----Two, Three and Four Column Square Blog Layout by Divi Soup-----*\/<!-- [et_pb_line_break_holder] -->\/*--------------------------------------------------------------------*\/<!-- [et_pb_line_break_holder] -->\/***Global styles required for all layouts***\/<!-- [et_pb_line_break_holder] -->\/*This scales the images keeping the aspect ratio. NOTE: Object-fit is not supported in IE and Edge so if you want to use the standard image size remove this section*\/<!-- [et_pb_line_break_holder] -->.ds-blog-square a img {<!-- [et_pb_line_break_holder] --> width: 100%;<!-- [et_pb_line_break_holder] --> object-fit: cover;<!-- [et_pb_line_break_holder] -->}<!-- [et_pb_line_break_holder] -->\/*This section hides the excerpt*\/<!-- [et_pb_line_break_holder] -->.ds-blog-square .post-content {<!-- [et_pb_line_break_holder] --> display: none;<!-- [et_pb_line_break_holder] -->}<!-- [et_pb_line_break_holder] -->\/*This section corrects some margin and padding issues*\/<!-- [et_pb_line_break_holder] -->.ds-blog-square .et_pb_image_container {<!-- [et_pb_line_break_holder] --> margin: -19px -19px 0;<!-- [et_pb_line_break_holder] -->}<!-- [et_pb_line_break_holder] -->.ds-blog-square h2 {<!-- [et_pb_line_break_holder] --> margin: 0;<!-- [et_pb_line_break_holder] --> padding: 0;<!-- [et_pb_line_break_holder] -->}<!-- [et_pb_line_break_holder] -->\/*This section removes the bottom padding from the post and sets the position so we can move the title on top of the image*\/<!-- [et_pb_line_break_holder] -->.ds-blog-square .et_pb_post {<!-- [et_pb_line_break_holder] --> position: relative;<!-- [et_pb_line_break_holder] --> padding-bottom: 0;<!-- [et_pb_line_break_holder] --> border: none;<!-- [et_pb_line_break_holder] -->}<!-- [et_pb_line_break_holder] -->\/*This section adds the semi transparent overlay and border on the image. It also sets the post title to absolute center*\/<!-- [et_pb_line_break_holder] -->.ds-blog-square h2 a {<!-- [et_pb_line_break_holder] --> position: absolute;<!-- [et_pb_line_break_holder] --> top: 0;<!-- [et_pb_line_break_holder] --> left: 0;<!-- [et_pb_line_break_holder] --> height: 100%;<!-- [et_pb_line_break_holder] --> width: 100%;<!-- [et_pb_line_break_holder] --> padding: 40px;<!-- [et_pb_line_break_holder] --> margin: 0;<!-- [et_pb_line_break_holder] --> background: rgba(0, 0, 0, .3);<!-- [et_pb_line_break_holder] --> color: #fff;<!-- [et_pb_line_break_holder] --> text-align: center;<!-- [et_pb_line_break_holder] --> outline: 2px solid #fff;<!-- [et_pb_line_break_holder] --> outline-offset: -20px;<!-- [et_pb_line_break_holder] --> display: flex !important;<!-- [et_pb_line_break_holder] --> flex-direction: column;<!-- [et_pb_line_break_holder] --> justify-content: center;<!-- [et_pb_line_break_holder] --> -moz-transition: all 0.5s ease;<!-- [et_pb_line_break_holder] --> -webkit-transition: all 0.5s ease;<!-- [et_pb_line_break_holder] --> transition: all 0.5s ease;<!-- [et_pb_line_break_holder] -->}<!-- [et_pb_line_break_holder] -->\/*This section changes the border and overlay colour and border position on hover*\/<!-- [et_pb_line_break_holder] -->.ds-blog-square h2 a:hover {<!-- [et_pb_line_break_holder] --> background: rgba(255, 255, 255, .5);<!-- [et_pb_line_break_holder] --> color: #000;<!-- [et_pb_line_break_holder] --> outline: 2px solid #000;<!-- [et_pb_line_break_holder] --> outline-offset: 0;<!-- [et_pb_line_break_holder] -->}<!-- [et_pb_line_break_holder] --><!-- [et_pb_line_break_holder] -->\/***2 Column Styles***\/<!-- [et_pb_line_break_holder] -->\/*This section changes the layout to 2 columns*\/<!-- [et_pb_line_break_holder] -->@media only screen and ( min-width: 981px) {<!-- [et_pb_line_break_holder] --> \/*Two columns*\/<!-- [et_pb_line_break_holder] --> .ds-blog-two-column.et_pb_column_4_4 .et_pb_blog_grid[data-columns]::before {<!-- [et_pb_line_break_holder] --> content: '2 .column.size-1of2' !important;<!-- [et_pb_line_break_holder] --> }<!-- [et_pb_line_break_holder] --> .ds-blog-square-two.et_pb_blog_grid .column {<!-- [et_pb_line_break_holder] --> width: 47.25% !important;<!-- [et_pb_line_break_holder] --> margin-right: 5.5%;<!-- [et_pb_line_break_holder] --> }<!-- [et_pb_line_break_holder] --> \/*This removes the right margin from the last post on each row*\/<!-- [et_pb_line_break_holder] --> .ds-blog-square-two.et_pb_blog_grid .column:nth-child(even) {<!-- [et_pb_line_break_holder] --> margin-right: 0;<!-- [et_pb_line_break_holder] --> }<!-- [et_pb_line_break_holder] -->}<!-- [et_pb_line_break_holder] -->\/*This sets the spacing between post rows*\/<!-- [et_pb_line_break_holder] -->.ds-blog-two-column .et_pb_post {<!-- [et_pb_line_break_holder] --> margin-bottom: 12%;<!-- [et_pb_line_break_holder] -->}<!-- [et_pb_line_break_holder] -->\/*This section sets the height of the images on different screen sizes to keep it relatively square. If you are not using object-fit because it isn't supported in IE and Edge then you should remove this entire section or the images will be distorted*\/<!-- [et_pb_line_break_holder] -->.ds-blog-two-column .ds-blog-square a img {<!-- [et_pb_line_break_holder] --> height: 20vh !important; \/*Adjust this value if you want the images taller or shorter*\/<!-- [et_pb_line_break_holder] -->}<!-- [et_pb_line_break_holder] -->@media only screen and (max-width: 1440px) {<!-- [et_pb_line_break_holder] --> .ds-blog-two-column .ds-blog-square a img {<!-- [et_pb_line_break_holder] --> height: 20vh !important; \/*Adjust this value if you want the images taller or shorter*\/<!-- [et_pb_line_break_holder] --> }<!-- [et_pb_line_break_holder] -->}<!-- [et_pb_line_break_holder] -->@media only screen and (max-width: 1280px) {<!-- [et_pb_line_break_holder] --> .ds-blog-two-column .ds-blog-square a img {<!-- [et_pb_line_break_holder] --> height: 20vh !important; \/*Adjust this value if you want the images taller or shorter*\/<!-- [et_pb_line_break_holder] --> }<!-- [et_pb_line_break_holder] -->}<!-- [et_pb_line_break_holder] -->@media only screen and (max-width: 768px) {<!-- [et_pb_line_break_holder] --> .ds-blog-two-column .ds-blog-square a img {<!-- [et_pb_line_break_holder] --> height: 20vh !important; \/*Adjust this value if you want the images taller or shorter*\/<!-- [et_pb_line_break_holder] --> }<!-- [et_pb_line_break_holder] -->}<!-- [et_pb_line_break_holder] -->@media only screen and (max-width: 480px) {<!-- [et_pb_line_break_holder] --> .ds-blog-two-column .ds-blog-square a img {<!-- [et_pb_line_break_holder] --> height: 20vh !important; \/*Adjust this value if you want the images taller or shorter*\/<!-- [et_pb_line_break_holder] --> }<!-- [et_pb_line_break_holder] -->}<!-- [et_pb_line_break_holder] --><\/style>\n<p>[\/et_pb_code][et_pb_text _builder_version=\u00bb4.4.1&#8243; background_size=\u00bbinitial\u00bb background_position=\u00bbtop_left\u00bb background_repeat=\u00bbrepeat\u00bb link_option_url=\u00bbhttps:\/\/ingiru.com\/category\/abiertas\/\u00bb use_border_color=\u00bboff\u00bb border_color=\u00bb#ffffff\u00bb border_style=\u00bbsolid\u00bb]<\/p>\n<h2>Promociones abiertas<\/h2>\n<p>[\/et_pb_text][et_pb_blog fullwidth=\u00bboff\u00bb posts_number=\u00bb3&#8243; include_categories=\u00bb3&#8243; show_author=\u00bboff\u00bb show_date=\u00bboff\u00bb show_categories=\u00bboff\u00bb show_pagination=\u00bboff\u00bb module_class=\u00bbds-blog-square ds-blog-square-two\u00bb _builder_version=\u00bb4.4.1&#8243; hover_enabled=\u00bb0&#8243; use_border_color=\u00bboff\u00bb border_color=\u00bb#ffffff\u00bb border_style=\u00bbsolid\u00bb use_dropshadow=\u00bboff\u00bb]<br \/>\n[\/et_pb_blog][\/et_pb_column][\/et_pb_row][\/et_pb_section][et_pb_section fb_built=\u00bb1&#8243; admin_label=\u00bbsection\u00bb _builder_version=\u00bb3.22&#8243;][et_pb_row admin_label=\u00bbrow\u00bb _builder_version=\u00bb3.25&#8243; background_size=\u00bbinitial\u00bb background_position=\u00bbtop_left\u00bb background_repeat=\u00bbrepeat\u00bb][et_pb_column type=\u00bb4_4&#8243; _builder_version=\u00bb3.25&#8243; custom_padding=\u00bb|||\u00bb custom_padding__hover=\u00bb|||\u00bb][et_pb_text _builder_version=\u00bb4.4.1&#8243; background_size=\u00bbinitial\u00bb background_position=\u00bbtop_left\u00bb background_repeat=\u00bbrepeat\u00bb use_border_color=\u00bboff\u00bb border_color=\u00bb#ffffff\u00bb border_style=\u00bbsolid\u00bb]<\/p>\n<h2>Promociones\u00a0en construcci\u00f3n<\/h2>\n<p>[\/et_pb_text][et_pb_blog fullwidth=\u00bboff\u00bb posts_number=\u00bb8&#8243; include_categories=\u00bb4&#8243; show_author=\u00bboff\u00bb show_date=\u00bboff\u00bb show_categories=\u00bboff\u00bb show_pagination=\u00bboff\u00bb module_class=\u00bbds-blog-square ds-blog-square-two\u00bb _builder_version=\u00bb4.4.1&#8243; hover_enabled=\u00bb0&#8243; use_border_color=\u00bboff\u00bb border_color=\u00bb#ffffff\u00bb border_style=\u00bbsolid\u00bb use_dropshadow=\u00bboff\u00bb]<br \/>\n[\/et_pb_blog][\/et_pb_column][\/et_pb_row][et_pb_row admin_label=\u00bbrow\u00bb _builder_version=\u00bb3.25&#8243; background_size=\u00bbinitial\u00bb background_position=\u00bbtop_left\u00bb background_repeat=\u00bbrepeat\u00bb][et_pb_column type=\u00bb4_4&#8243; _builder_version=\u00bb3.25&#8243; custom_padding=\u00bb|||\u00bb custom_padding__hover=\u00bb|||\u00bb][et_pb_text _builder_version=\u00bb3.27.4&#8243; background_size=\u00bbinitial\u00bb background_position=\u00bbtop_left\u00bb background_repeat=\u00bbrepeat\u00bb use_border_color=\u00bboff\u00bb border_color=\u00bb#ffffff\u00bb border_style=\u00bbsolid\u00bb]<\/p>\n<h2>Construidas con \u00e9xito<\/h2>\n<p>[\/et_pb_text][et_pb_blog posts_number=\u00bb12&#8243; include_categories=\u00bb61&#8243; show_author=\u00bboff\u00bb show_date=\u00bboff\u00bb show_categories=\u00bboff\u00bb show_pagination=\u00bboff\u00bb _builder_version=\u00bb4.4.1&#8243; hover_enabled=\u00bb0&#8243; use_border_color=\u00bboff\u00bb fullwidth=\u00bboff\u00bb]<br \/>\n[\/et_pb_blog][\/et_pb_column][\/et_pb_row][\/et_pb_section]<\/p>","protected":false},"excerpt":{"rendered":"<p>Promociones abiertas Promociones\u00a0en construcci\u00f3n Construidas con \u00e9xito<\/p>","protected":false},"author":1,"featured_media":0,"parent":0,"menu_order":0,"comment_status":"closed","ping_status":"closed","template":"page-template-fullwidth.php","meta":{"_et_pb_use_builder":"on","_et_pb_old_content":"","_et_gb_content_width":"","footnotes":""},"class_list":["post-40","page","type-page","status-publish","hentry"],"yoast_head":"<!-- This site is optimized with the Yoast SEO plugin v25.2 - https:\/\/yoast.com\/wordpress\/plugins\/seo\/ -->\n<title>Promociones de viviendas Ingiru<\/title>\n<meta name=\"robots\" content=\"index, follow, max-snippet:-1, max-image-preview:large, max-video-preview:-1\" \/>\n<link rel=\"canonical\" href=\"https:\/\/ingiru.com\/eu\/proyectos\/\" \/>\n<meta property=\"og:locale\" content=\"en_US\" \/>\n<meta property=\"og:type\" content=\"article\" \/>\n<meta property=\"og:title\" content=\"Promociones de viviendas Ingiru\" \/>\n<meta property=\"og:description\" content=\"Promociones abiertas Promociones\u00a0en construcci\u00f3n Construidas con \u00e9xito\" \/>\n<meta property=\"og:url\" content=\"https:\/\/ingiru.com\/eu\/proyectos\/\" \/>\n<meta property=\"og:site_name\" content=\"ingiru: Cooperativas de viviendas.\" \/>\n<meta property=\"article:publisher\" content=\"https:\/\/www.facebook.com\/IngiruLiving\" \/>\n<meta property=\"article:modified_time\" content=\"2021-04-30T11:51:15+00:00\" \/>\n<meta name=\"twitter:card\" content=\"summary_large_image\" \/>\n<meta name=\"twitter:site\" content=\"@IngiruLiving\" \/>\n<meta name=\"twitter:label1\" content=\"Est. reading time\" \/>\n\t<meta name=\"twitter:data1\" content=\"2 minutua\" \/>\n<script type=\"application\/ld+json\" class=\"yoast-schema-graph\">{\"@context\":\"https:\/\/schema.org\",\"@graph\":[{\"@type\":\"WebPage\",\"@id\":\"https:\/\/ingiru.com\/proyectos\/\",\"url\":\"https:\/\/ingiru.com\/proyectos\/\",\"name\":\"Promociones de viviendas Ingiru\",\"isPartOf\":{\"@id\":\"https:\/\/ingiru.com\/#website\"},\"datePublished\":\"2017-04-16T17:23:35+00:00\",\"dateModified\":\"2021-04-30T11:51:15+00:00\",\"breadcrumb\":{\"@id\":\"https:\/\/ingiru.com\/proyectos\/#breadcrumb\"},\"inLanguage\":\"eu\",\"potentialAction\":[{\"@type\":\"ReadAction\",\"target\":[\"https:\/\/ingiru.com\/proyectos\/\"]}]},{\"@type\":\"BreadcrumbList\",\"@id\":\"https:\/\/ingiru.com\/proyectos\/#breadcrumb\",\"itemListElement\":[{\"@type\":\"ListItem\",\"position\":1,\"name\":\"Portada\",\"item\":\"https:\/\/ingiru.com\/\"},{\"@type\":\"ListItem\",\"position\":2,\"name\":\"Promociones\"}]},{\"@type\":\"WebSite\",\"@id\":\"https:\/\/ingiru.com\/#website\",\"url\":\"https:\/\/ingiru.com\/\",\"name\":\"ingiru: Cooperativas de viviendas.\",\"description\":\"Gesti\u00f3n y promoci\u00f3n inmobiliaria en Uribe Kosta y Getxo. Viviendas personalizables de m\u00e1xima calidad a precio de coste.\",\"publisher\":{\"@id\":\"https:\/\/ingiru.com\/#organization\"},\"potentialAction\":[{\"@type\":\"SearchAction\",\"target\":{\"@type\":\"EntryPoint\",\"urlTemplate\":\"https:\/\/ingiru.com\/?s={search_term_string}\"},\"query-input\":{\"@type\":\"PropertyValueSpecification\",\"valueRequired\":true,\"valueName\":\"search_term_string\"}}],\"inLanguage\":\"eu\"},{\"@type\":\"Organization\",\"@id\":\"https:\/\/ingiru.com\/#organization\",\"name\":\"INGIRU\",\"url\":\"https:\/\/ingiru.com\/\",\"logo\":{\"@type\":\"ImageObject\",\"inLanguage\":\"eu\",\"@id\":\"https:\/\/ingiru.com\/#\/schema\/logo\/image\/\",\"url\":\"https:\/\/ingiru.com\/wp-content\/uploads\/2017\/04\/cropped-ingiru-icon.png\",\"contentUrl\":\"https:\/\/ingiru.com\/wp-content\/uploads\/2017\/04\/cropped-ingiru-icon.png\",\"width\":512,\"height\":512,\"caption\":\"INGIRU\"},\"image\":{\"@id\":\"https:\/\/ingiru.com\/#\/schema\/logo\/image\/\"},\"sameAs\":[\"https:\/\/www.facebook.com\/IngiruLiving\",\"https:\/\/x.com\/IngiruLiving\",\"https:\/\/www.instagram.com\/ingiruliving\/\",\"https:\/\/www.linkedin.com\/company\/ingiru\/\",\"https:\/\/www.youtube.com\/channel\/UChmq_WVqo-IzAqlhdEKRX7w\"]}]}<\/script>\n<!-- \/ Yoast SEO plugin. -->","yoast_head_json":{"title":"Promociones de viviendas Ingiru","robots":{"index":"index","follow":"follow","max-snippet":"max-snippet:-1","max-image-preview":"max-image-preview:large","max-video-preview":"max-video-preview:-1"},"canonical":"https:\/\/ingiru.com\/eu\/proyectos\/","og_locale":"en_US","og_type":"article","og_title":"Promociones de viviendas Ingiru","og_description":"Promociones abiertas Promociones\u00a0en construcci\u00f3n Construidas con \u00e9xito","og_url":"https:\/\/ingiru.com\/eu\/proyectos\/","og_site_name":"ingiru: Cooperativas de viviendas.","article_publisher":"https:\/\/www.facebook.com\/IngiruLiving","article_modified_time":"2021-04-30T11:51:15+00:00","twitter_card":"summary_large_image","twitter_site":"@IngiruLiving","twitter_misc":{"Est. reading time":"2 minutua"},"schema":{"@context":"https:\/\/schema.org","@graph":[{"@type":"WebPage","@id":"https:\/\/ingiru.com\/proyectos\/","url":"https:\/\/ingiru.com\/proyectos\/","name":"Promociones de viviendas Ingiru","isPartOf":{"@id":"https:\/\/ingiru.com\/#website"},"datePublished":"2017-04-16T17:23:35+00:00","dateModified":"2021-04-30T11:51:15+00:00","breadcrumb":{"@id":"https:\/\/ingiru.com\/proyectos\/#breadcrumb"},"inLanguage":"eu","potentialAction":[{"@type":"ReadAction","target":["https:\/\/ingiru.com\/proyectos\/"]}]},{"@type":"BreadcrumbList","@id":"https:\/\/ingiru.com\/proyectos\/#breadcrumb","itemListElement":[{"@type":"ListItem","position":1,"name":"Portada","item":"https:\/\/ingiru.com\/"},{"@type":"ListItem","position":2,"name":"Promociones"}]},{"@type":"WebSite","@id":"https:\/\/ingiru.com\/#website","url":"https:\/\/ingiru.com\/","name":"ingiru: Cooperativas de viviendas.","description":"Gesti\u00f3n y promoci\u00f3n inmobiliaria en Uribe Kosta y Getxo. Viviendas personalizables de m\u00e1xima calidad a precio de coste.","publisher":{"@id":"https:\/\/ingiru.com\/#organization"},"potentialAction":[{"@type":"SearchAction","target":{"@type":"EntryPoint","urlTemplate":"https:\/\/ingiru.com\/?s={search_term_string}"},"query-input":{"@type":"PropertyValueSpecification","valueRequired":true,"valueName":"search_term_string"}}],"inLanguage":"eu"},{"@type":"Organization","@id":"https:\/\/ingiru.com\/#organization","name":"INGIRU","url":"https:\/\/ingiru.com\/","logo":{"@type":"ImageObject","inLanguage":"eu","@id":"https:\/\/ingiru.com\/#\/schema\/logo\/image\/","url":"https:\/\/ingiru.com\/wp-content\/uploads\/2017\/04\/cropped-ingiru-icon.png","contentUrl":"https:\/\/ingiru.com\/wp-content\/uploads\/2017\/04\/cropped-ingiru-icon.png","width":512,"height":512,"caption":"INGIRU"},"image":{"@id":"https:\/\/ingiru.com\/#\/schema\/logo\/image\/"},"sameAs":["https:\/\/www.facebook.com\/IngiruLiving","https:\/\/x.com\/IngiruLiving","https:\/\/www.instagram.com\/ingiruliving\/","https:\/\/www.linkedin.com\/company\/ingiru\/","https:\/\/www.youtube.com\/channel\/UChmq_WVqo-IzAqlhdEKRX7w"]}]}},"_links":{"self":[{"href":"https:\/\/ingiru.com\/eu\/wp-json\/wp\/v2\/pages\/40"}],"collection":[{"href":"https:\/\/ingiru.com\/eu\/wp-json\/wp\/v2\/pages"}],"about":[{"href":"https:\/\/ingiru.com\/eu\/wp-json\/wp\/v2\/types\/page"}],"author":[{"embeddable":true,"href":"https:\/\/ingiru.com\/eu\/wp-json\/wp\/v2\/users\/1"}],"replies":[{"embeddable":true,"href":"https:\/\/ingiru.com\/eu\/wp-json\/wp\/v2\/comments?post=40"}],"version-history":[{"count":40,"href":"https:\/\/ingiru.com\/eu\/wp-json\/wp\/v2\/pages\/40\/revisions"}],"predecessor-version":[{"id":9312,"href":"https:\/\/ingiru.com\/eu\/wp-json\/wp\/v2\/pages\/40\/revisions\/9312"}],"wp:attachment":[{"href":"https:\/\/ingiru.com\/eu\/wp-json\/wp\/v2\/media?parent=40"}],"curies":[{"name":"wp","href":"https:\/\/api.w.org\/{rel}","templated":true}]}}