{"id":5231,"date":"2018-08-01T18:42:09","date_gmt":"2018-08-01T17:42:09","guid":{"rendered":"https:\/\/ingiru.com\/?page_id=5231"},"modified":"2020-08-27T13:34:24","modified_gmt":"2020-08-27T12:34:24","slug":"ingirutik","status":"publish","type":"page","link":"https:\/\/ingiru.com\/eu\/ingirutik\/","title":{"rendered":"INGIRUTIK HIGIEZINAK"},"content":{"rendered":"<p>[et_pb_section fb_built=\u00bb1&#8243; admin_label=\u00bbHero\u00bb _builder_version=\u00bb3.22&#8243; custom_padding=\u00bb0px|0px|0px|0px\u00bb animation_style=\u00bbzoom\u00bb animation_intensity_zoom=\u00bb4%\u00bb][et_pb_row use_custom_gutter=\u00bbon\u00bb gutter_width=\u00bb1&#8243; make_equal=\u00bbon\u00bb module_class=\u00bb et_pb_row_fullwidth\u00bb _builder_version=\u00bb3.25&#8243; background_color=\u00bb#fcd21d\u00bb background_image=\u00bbhttps:\/\/ingiru.com\/wp-content\/uploads\/2018\/08\/background-texture.jpg\u00bb parallax=\u00bbon\u00bb width=\u00bb100%\u00bb width_tablet=\u00bb100%\u00bb width_last_edited=\u00bbon|desktop\u00bb max_width=\u00bb100%\u00bb max_width_tablet=\u00bb100%\u00bb max_width_last_edited=\u00bbon|desktop\u00bb custom_padding=\u00bb0px||0px|\u00bb animation_style=\u00bbslide\u00bb animation_direction=\u00bbtop\u00bb animation_intensity_slide=\u00bb3%\u00bb make_fullwidth=\u00bbon\u00bb column_structure=\u00bb1_2,1_2&#8243;][et_pb_column type=\u00bb1_2&#8243; _builder_version=\u00bb3.25&#8243; background_color=\u00bb#f2c72c\u00bb custom_padding=\u00bb10%|8%|10%|8%\u00bb custom_padding__hover=\u00bb|||\u00bb][et_pb_text _builder_version=\u00bb4.4.1&#8243; header_font=\u00bbMontserrat|700||on|||||\u00bb header_text_color=\u00bb#f7f7f7&#8243; header_font_size=\u00bb60px\u00bb header_line_height=\u00bb1.3em\u00bb background_size=\u00bbinitial\u00bb background_position=\u00bbtop_left\u00bb background_repeat=\u00bbrepeat\u00bb custom_margin=\u00bb||40px|\u00bb animation_style=\u00bbfade\u00bb hover_enabled=\u00bb0&#8243; header_font_size_last_edited=\u00bboff|desktop\u00bb locked=\u00bboff\u00bb link_option_url=\u00bbhttps:\/\/ingirutik.com\/\u00bb]<\/p>\n<h1><span style=\"color: #000000;\">Ingirutik<\/span><\/h1>\n<h1>Servicios\u00a0<span style=\"color: #353740;\">a propietarios\u00a0<\/span><\/h1>\n<p>[\/et_pb_text][et_pb_text _builder_version=\u00bb4.4.1&#8243; text_font=\u00bbMontserrat||||\u00bb text_text_color=\u00bb#353740&#8243; text_font_size=\u00bb20px\u00bb text_line_height=\u00bb1.8em\u00bb background_size=\u00bbinitial\u00bb background_position=\u00bbtop_left\u00bb background_repeat=\u00bbrepeat\u00bb custom_margin=\u00bb||50px|\u00bb animation_style=\u00bbslide\u00bb animation_direction=\u00bbtop\u00bb animation_intensity_slide=\u00bb17%\u00bb hover_enabled=\u00bb0&#8243; locked=\u00bboff\u00bb link_option_url=\u00bbhttps:\/\/ingirutik.com\/\u00bb]Nueva marca de servicios que nace de la mano de Ingiru,<\/p>\n<p>para responder a las necesidades que cada d\u00eda tienen y pueden tener,<\/p>\n<p>los\u00a0 actuales y nuevos propietarios de viviendas.<br \/>\n[\/et_pb_text][\/et_pb_column][et_pb_column type=\u00bb1_2&#8243; _builder_version=\u00bb3.25&#8243; background_image=\u00bbhttps:\/\/ingiru.com\/wp-content\/uploads\/2018\/08\/iconos-inmobiliarios.png\u00bb background_size=\u00bbcontain\u00bb custom_padding=\u00bb|||\u00bb custom_padding__hover=\u00bb|||\u00bb][et_pb_image src=\u00bbhttps:\/\/ingiru.com\/wp-content\/uploads\/2018\/07\/LOGO-INGIRUTIK-OK.jpg\u00bb align=\u00bbcenter\u00bb align_tablet=\u00bbcenter\u00bb align_last_edited=\u00bbon|desktop\u00bb _builder_version=\u00bb4.4.1&#8243; max_width=\u00bb30%\u00bb module_alignment=\u00bbcenter\u00bb hover_enabled=\u00bb0&#8243; url=\u00bbhttps:\/\/ingirutik.com\/\u00bb url_new_window=\u00bbon\u00bb][\/et_pb_image][\/et_pb_column][\/et_pb_row][\/et_pb_section][et_pb_section fb_built=\u00bb1&#8243; admin_label=\u00bbService Section\u00bb _builder_version=\u00bb3.22&#8243; custom_margin=\u00bb|||\u00bb custom_padding=\u00bb110px||110px|\u00bb][et_pb_row make_equal=\u00bbon\u00bb admin_label=\u00bbServices\u00bb _builder_version=\u00bb3.25&#8243; background_size=\u00bbinitial\u00bb background_position=\u00bbtop_left\u00bb background_repeat=\u00bbrepeat\u00bb custom_padding=\u00bb25px||25px|\u00bb column_structure=\u00bb1_3,1_3,1_3&#8243;][et_pb_column type=\u00bb1_3&#8243; _builder_version=\u00bb3.25&#8243; custom_padding=\u00bb|||\u00bb custom_padding__hover=\u00bb|||\u00bb][et_pb_blurb title=\u00bbVenta y Alquiler\u00bb use_icon=\u00bbon\u00bb font_icon=\u00bb%%95%%\u00bb icon_color=\u00bb#fcd21d\u00bb use_icon_font_size=\u00bbon\u00bb icon_font_size=\u00bb60px\u00bb _builder_version=\u00bb3.2.2&#8243; header_font=\u00bbMontserrat|on|||\u00bb header_text_color=\u00bb#353740&#8243; header_font_size=\u00bb22px\u00bb header_line_height=\u00bb1.4em\u00bb body_font=\u00bbMontserrat||||\u00bb body_text_color=\u00bb#747d88&#8243; body_font_size=\u00bb16px\u00bb body_line_height=\u00bb1.8em\u00bb background_size=\u00bbinitial\u00bb background_position=\u00bbtop_left\u00bb background_repeat=\u00bbrepeat\u00bb text_orientation=\u00bbcenter\u00bb custom_padding=\u00bb30px|30px|30px|30px\u00bb animation_style=\u00bbzoom\u00bb border_color_all=\u00bb#dddddd\u00bb use_border_color=\u00bbon\u00bb]Gesti\u00f3n integral de venta y alquiler de inmuebles<br \/>\n[\/et_pb_blurb][\/et_pb_column][et_pb_column type=\u00bb1_3&#8243; _builder_version=\u00bb3.25&#8243; custom_padding=\u00bb|||\u00bb custom_padding__hover=\u00bb|||\u00bb][et_pb_blurb title=\u00bbReformas\u00bb use_icon=\u00bbon\u00bb font_icon=\u00bb%%173%%\u00bb icon_color=\u00bb#fcd21d\u00bb use_icon_font_size=\u00bbon\u00bb icon_font_size=\u00bb60px\u00bb _builder_version=\u00bb3.2.2&#8243; header_font=\u00bbMontserrat|on|||\u00bb header_text_color=\u00bb#353740&#8243; header_font_size=\u00bb22px\u00bb header_line_height=\u00bb1.4em\u00bb body_font=\u00bbMontserrat||||\u00bb body_text_color=\u00bb#747d88&#8243; body_font_size=\u00bb16px\u00bb body_line_height=\u00bb1.8em\u00bb background_size=\u00bbinitial\u00bb background_position=\u00bbtop_left\u00bb background_repeat=\u00bbrepeat\u00bb text_orientation=\u00bbcenter\u00bb custom_padding=\u00bb30px|30px|30px|30px\u00bb animation_style=\u00bbzoom\u00bb animation_delay=\u00bb100ms\u00bb border_color_all=\u00bb#dddddd\u00bb use_border_color=\u00bbon\u00bb]Servicios de electricidad, alba\u00f1iler\u00eda, fontaner\u00eda, carpinter\u00eda&#8230; Gestionamos los servicios profesionales necesarios para reformar o reparar y mejorar tu vivienda.<br \/>\n[\/et_pb_blurb][\/et_pb_column][et_pb_column type=\u00bb1_3&#8243; _builder_version=\u00bb3.25&#8243; custom_padding=\u00bb|||\u00bb custom_padding__hover=\u00bb|||\u00bb][et_pb_blurb title=\u00bbOportunidades Inmobiliarias\u00bb use_icon=\u00bbon\u00bb font_icon=\u00bb%%102%%\u00bb icon_color=\u00bb#fcd21d\u00bb use_icon_font_size=\u00bbon\u00bb icon_font_size=\u00bb60px\u00bb _builder_version=\u00bb3.2.2&#8243; header_font=\u00bbMontserrat|on|||\u00bb header_text_color=\u00bb#353740&#8243; header_font_size=\u00bb22px\u00bb header_line_height=\u00bb1.4em\u00bb body_font=\u00bbMontserrat||||\u00bb body_text_color=\u00bb#747d88&#8243; body_font_size=\u00bb16px\u00bb body_line_height=\u00bb1.8em\u00bb background_size=\u00bbinitial\u00bb background_position=\u00bbtop_left\u00bb background_repeat=\u00bbrepeat\u00bb text_orientation=\u00bbcenter\u00bb custom_padding=\u00bb30px|30px|30px|30px\u00bb animation_style=\u00bbzoom\u00bb animation_delay=\u00bb200ms\u00bb border_color_all=\u00bb#dddddd\u00bb use_border_color=\u00bbon\u00bb]Seleccionamos, analizamos y estudiamos promociones de viviendas, que cumplan nuestros est\u00e1ndares de calidad y supongan una oportunidad.<br \/>\n[\/et_pb_blurb][\/et_pb_column][\/et_pb_row][\/et_pb_section]<\/p>\n","protected":false},"excerpt":{"rendered":"<p>Ingirutik Servicios\u00a0a propietarios\u00a0 Nueva marca de servicios que nace de la mano de Ingiru, para responder a las necesidades que cada d\u00eda tienen y pueden tener, los\u00a0 actuales y nuevos propietarios de viviendas. Gesti\u00f3n integral de venta y alquiler de inmuebles Servicios de electricidad, alba\u00f1iler\u00eda, fontaner\u00eda, carpinter\u00eda&#8230; Gestionamos los servicios profesionales necesarios para reformar o [&hellip;]<\/p>\n","protected":false},"author":1,"featured_media":0,"parent":0,"menu_order":0,"comment_status":"closed","ping_status":"closed","template":"","meta":{"_et_pb_use_builder":"on","_et_pb_old_content":"","_et_gb_content_width":"","footnotes":""},"class_list":["post-5231","page","type-page","status-publish","hentry"],"yoast_head":"<!-- This site is optimized with the Yoast SEO plugin v25.2 - https:\/\/yoast.com\/wordpress\/plugins\/seo\/ -->\n<title>Ingirutik, servicios a propietarios.<\/title>\n<meta name=\"description\" content=\"Ingirutik, nueva marca de servicios para propietarios de viviendas, que nace de la mano de Ingiru para responder a sus necesidades\" \/>\n<meta name=\"robots\" content=\"index, follow, max-snippet:-1, max-image-preview:large, max-video-preview:-1\" \/>\n<link rel=\"canonical\" href=\"https:\/\/ingirutik.com\/\" \/>\n<meta property=\"og:locale\" content=\"en_US\" \/>\n<meta property=\"og:type\" content=\"article\" \/>\n<meta property=\"og:title\" content=\"Ingirutik, servicios a propietarios.\" \/>\n<meta property=\"og:description\" content=\"Ingirutik, nueva marca de servicios para propietarios de viviendas, que nace de la mano de Ingiru para responder a sus necesidades\" \/>\n<meta property=\"og:url\" content=\"https:\/\/ingirutik.com\/\" \/>\n<meta property=\"og:site_name\" content=\"ingiru: Cooperativas de viviendas.\" \/>\n<meta property=\"article:publisher\" content=\"https:\/\/www.facebook.com\/IngiruLiving\" \/>\n<meta property=\"article:modified_time\" content=\"2020-08-27T12:34:24+00:00\" \/>\n<meta name=\"twitter:card\" content=\"summary_large_image\" \/>\n<meta name=\"twitter:site\" content=\"@IngiruLiving\" \/>\n<meta name=\"twitter:label1\" content=\"Est. reading time\" \/>\n\t<meta name=\"twitter:data1\" content=\"4 minutua\" \/>\n<script type=\"application\/ld+json\" class=\"yoast-schema-graph\">{\"@context\":\"https:\/\/schema.org\",\"@graph\":[{\"@type\":\"WebPage\",\"@id\":\"https:\/\/ingirutik.com\/\",\"url\":\"https:\/\/ingirutik.com\/\",\"name\":\"Ingirutik, servicios a propietarios.\",\"isPartOf\":{\"@id\":\"https:\/\/ingiru.com\/#website\"},\"datePublished\":\"2018-08-01T17:42:09+00:00\",\"dateModified\":\"2020-08-27T12:34:24+00:00\",\"description\":\"Ingirutik, nueva marca de servicios para propietarios de viviendas, que nace de la mano de Ingiru para responder a sus necesidades\",\"breadcrumb\":{\"@id\":\"https:\/\/ingirutik.com\/#breadcrumb\"},\"inLanguage\":\"eu\",\"potentialAction\":[{\"@type\":\"ReadAction\",\"target\":[\"https:\/\/ingirutik.com\/\"]}]},{\"@type\":\"BreadcrumbList\",\"@id\":\"https:\/\/ingirutik.com\/#breadcrumb\",\"itemListElement\":[{\"@type\":\"ListItem\",\"position\":1,\"name\":\"Portada\",\"item\":\"https:\/\/ingiru.com\/\"},{\"@type\":\"ListItem\",\"position\":2,\"name\":\"INGIRUTIK INMOBILIARIA\"}]},{\"@type\":\"WebSite\",\"@id\":\"https:\/\/ingiru.com\/#website\",\"url\":\"https:\/\/ingiru.com\/\",\"name\":\"ingiru: Cooperativas de viviendas.\",\"description\":\"Gesti\u00f3n y promoci\u00f3n inmobiliaria en Uribe Kosta y Getxo. Viviendas personalizables de m\u00e1xima calidad a precio de coste.\",\"publisher\":{\"@id\":\"https:\/\/ingiru.com\/#organization\"},\"potentialAction\":[{\"@type\":\"SearchAction\",\"target\":{\"@type\":\"EntryPoint\",\"urlTemplate\":\"https:\/\/ingiru.com\/?s={search_term_string}\"},\"query-input\":{\"@type\":\"PropertyValueSpecification\",\"valueRequired\":true,\"valueName\":\"search_term_string\"}}],\"inLanguage\":\"eu\"},{\"@type\":\"Organization\",\"@id\":\"https:\/\/ingiru.com\/#organization\",\"name\":\"INGIRU\",\"url\":\"https:\/\/ingiru.com\/\",\"logo\":{\"@type\":\"ImageObject\",\"inLanguage\":\"eu\",\"@id\":\"https:\/\/ingiru.com\/#\/schema\/logo\/image\/\",\"url\":\"https:\/\/ingiru.com\/wp-content\/uploads\/2017\/04\/cropped-ingiru-icon.png\",\"contentUrl\":\"https:\/\/ingiru.com\/wp-content\/uploads\/2017\/04\/cropped-ingiru-icon.png\",\"width\":512,\"height\":512,\"caption\":\"INGIRU\"},\"image\":{\"@id\":\"https:\/\/ingiru.com\/#\/schema\/logo\/image\/\"},\"sameAs\":[\"https:\/\/www.facebook.com\/IngiruLiving\",\"https:\/\/x.com\/IngiruLiving\",\"https:\/\/www.instagram.com\/ingiruliving\/\",\"https:\/\/www.linkedin.com\/company\/ingiru\/\",\"https:\/\/www.youtube.com\/channel\/UChmq_WVqo-IzAqlhdEKRX7w\"]}]}<\/script>\n<!-- \/ Yoast SEO plugin. -->","yoast_head_json":{"title":"Ingirutik, servicios a propietarios.","description":"Ingirutik, nueva marca de servicios para propietarios de viviendas, que nace de la mano de Ingiru para responder a sus necesidades","robots":{"index":"index","follow":"follow","max-snippet":"max-snippet:-1","max-image-preview":"max-image-preview:large","max-video-preview":"max-video-preview:-1"},"canonical":"https:\/\/ingirutik.com\/","og_locale":"en_US","og_type":"article","og_title":"Ingirutik, servicios a propietarios.","og_description":"Ingirutik, nueva marca de servicios para propietarios de viviendas, que nace de la mano de Ingiru para responder a sus necesidades","og_url":"https:\/\/ingirutik.com\/","og_site_name":"ingiru: Cooperativas de viviendas.","article_publisher":"https:\/\/www.facebook.com\/IngiruLiving","article_modified_time":"2020-08-27T12:34:24+00:00","twitter_card":"summary_large_image","twitter_site":"@IngiruLiving","twitter_misc":{"Est. reading time":"4 minutua"},"schema":{"@context":"https:\/\/schema.org","@graph":[{"@type":"WebPage","@id":"https:\/\/ingirutik.com\/","url":"https:\/\/ingirutik.com\/","name":"Ingirutik, servicios a propietarios.","isPartOf":{"@id":"https:\/\/ingiru.com\/#website"},"datePublished":"2018-08-01T17:42:09+00:00","dateModified":"2020-08-27T12:34:24+00:00","description":"Ingirutik, nueva marca de servicios para propietarios de viviendas, que nace de la mano de Ingiru para responder a sus necesidades","breadcrumb":{"@id":"https:\/\/ingirutik.com\/#breadcrumb"},"inLanguage":"eu","potentialAction":[{"@type":"ReadAction","target":["https:\/\/ingirutik.com\/"]}]},{"@type":"BreadcrumbList","@id":"https:\/\/ingirutik.com\/#breadcrumb","itemListElement":[{"@type":"ListItem","position":1,"name":"Portada","item":"https:\/\/ingiru.com\/"},{"@type":"ListItem","position":2,"name":"INGIRUTIK INMOBILIARIA"}]},{"@type":"WebSite","@id":"https:\/\/ingiru.com\/#website","url":"https:\/\/ingiru.com\/","name":"ingiru: Cooperativas de viviendas.","description":"Gesti\u00f3n y promoci\u00f3n inmobiliaria en Uribe Kosta y Getxo. Viviendas personalizables de m\u00e1xima calidad a precio de coste.","publisher":{"@id":"https:\/\/ingiru.com\/#organization"},"potentialAction":[{"@type":"SearchAction","target":{"@type":"EntryPoint","urlTemplate":"https:\/\/ingiru.com\/?s={search_term_string}"},"query-input":{"@type":"PropertyValueSpecification","valueRequired":true,"valueName":"search_term_string"}}],"inLanguage":"eu"},{"@type":"Organization","@id":"https:\/\/ingiru.com\/#organization","name":"INGIRU","url":"https:\/\/ingiru.com\/","logo":{"@type":"ImageObject","inLanguage":"eu","@id":"https:\/\/ingiru.com\/#\/schema\/logo\/image\/","url":"https:\/\/ingiru.com\/wp-content\/uploads\/2017\/04\/cropped-ingiru-icon.png","contentUrl":"https:\/\/ingiru.com\/wp-content\/uploads\/2017\/04\/cropped-ingiru-icon.png","width":512,"height":512,"caption":"INGIRU"},"image":{"@id":"https:\/\/ingiru.com\/#\/schema\/logo\/image\/"},"sameAs":["https:\/\/www.facebook.com\/IngiruLiving","https:\/\/x.com\/IngiruLiving","https:\/\/www.instagram.com\/ingiruliving\/","https:\/\/www.linkedin.com\/company\/ingiru\/","https:\/\/www.youtube.com\/channel\/UChmq_WVqo-IzAqlhdEKRX7w"]}]}},"_links":{"self":[{"href":"https:\/\/ingiru.com\/eu\/wp-json\/wp\/v2\/pages\/5231"}],"collection":[{"href":"https:\/\/ingiru.com\/eu\/wp-json\/wp\/v2\/pages"}],"about":[{"href":"https:\/\/ingiru.com\/eu\/wp-json\/wp\/v2\/types\/page"}],"author":[{"embeddable":true,"href":"https:\/\/ingiru.com\/eu\/wp-json\/wp\/v2\/users\/1"}],"replies":[{"embeddable":true,"href":"https:\/\/ingiru.com\/eu\/wp-json\/wp\/v2\/comments?post=5231"}],"version-history":[{"count":11,"href":"https:\/\/ingiru.com\/eu\/wp-json\/wp\/v2\/pages\/5231\/revisions"}],"predecessor-version":[{"id":8538,"href":"https:\/\/ingiru.com\/eu\/wp-json\/wp\/v2\/pages\/5231\/revisions\/8538"}],"wp:attachment":[{"href":"https:\/\/ingiru.com\/eu\/wp-json\/wp\/v2\/media?parent=5231"}],"curies":[{"name":"wp","href":"https:\/\/api.w.org\/{rel}","templated":true}]}}